{"id":958,"date":"2025-07-18T07:19:57","date_gmt":"2025-07-18T07:19:57","guid":{"rendered":"https:\/\/belladoro.com.tr\/?post_type=product&#038;p=958"},"modified":"2025-07-18T12:21:04","modified_gmt":"2025-07-18T12:21:04","slug":"3-mm-klasik-bombeli-beyaz-alyans","status":"publish","type":"product","link":"https:\/\/belladoro.com.tr\/en\/product\/3-mm-klasik-bombeli-beyaz-alyans\/","title":{"rendered":"3 MM Klasik Bombeli Beyaz Alyans"},"content":{"rendered":"<ul class=\"nav nav-tabs\">\n<li class=\"active\">\u00dcr\u00fcn \u00d6zellikleri<\/li>\n<\/ul>\n<div class=\"tab-content\">\n<div id=\"product_tabs-687a1f73c4391\" class=\"product_extra-298 tab-pane active\">\n<div class=\"block-body expand-block\">\n<div class=\"block-wrapper\">\n<div class=\"block-content\">\n<div id=\"tab-specification\">\n<div class=\"table-responsive\">\n<table class=\"table table-bordered\">\n<thead>\n<tr>\n<td colspan=\"2\"><strong>1<\/strong><\/td>\n<\/tr>\n<\/thead>\n<tbody>\n<tr>\n<td>\u00dcr\u00fcn Kodu<\/td>\n<td>4003<\/td>\n<\/tr>\n<\/tbody>\n<thead>\n<tr>\n<td colspan=\"2\"><strong>2<\/strong><\/td>\n<\/tr>\n<\/thead>\n<tbody>\n<tr>\n<td>Geni\u015flik<\/td>\n<td>3 MM<\/td>\n<\/tr>\n<\/tbody>\n<thead>\n<tr>\n<td colspan=\"2\"><strong>3<\/strong><\/td>\n<\/tr>\n<\/thead>\n<tbody>\n<tr>\n<td>Ta\u015f Boyutu<\/td>\n<td>1,30 MM &#8211; 0.010 CT<\/td>\n<\/tr>\n<\/tbody>\n<thead>\n<tr>\n<td colspan=\"2\"><strong>4<\/strong><\/td>\n<\/tr>\n<\/thead>\n<tbody>\n<tr>\n<td>Renk<\/td>\n<td>BEYAZ ALTIN<\/td>\n<\/tr>\n<\/tbody>\n<thead>\n<tr>\n<td colspan=\"2\"><strong>5<\/strong><\/td>\n<\/tr>\n<\/thead>\n<tbody>\n<tr>\n<td>\u0130\u00e7i D\u00fcz-Bombeli<\/td>\n<td>BOMBEL\u0130<\/td>\n<\/tr>\n<\/tbody>\n<\/table>\n<\/div>\n<\/div>\n<\/div>\n<\/div>\n<\/div>\n<\/div>\n<\/div>","protected":false},"excerpt":{"rendered":"<p><span style=\"font-family: Helvetica;\">\u00dcr\u00fcn\u00fcm\u00fcz 3 mm geni\u015fli\u011finde ve y\u00fcksek kalite alloy ve g\u00fcm\u00fc\u015f katk\u0131s\u0131 ile orijinal beyaz renge ayarlanm\u0131\u015ft\u0131r.Kaynaks\u0131z boru teknolojisi ile i\u00e7i bo\u015f olarak \u00fcretilmi\u015ftir.B\u00fct\u00fcn i\u015flemler elmas kalemlerle ger\u00e7ekle\u015ftirildi\u011fi i\u00e7in kal\u0131c\u0131 parlakl\u0131\u011fa sahiptir.Ta\u015f yuvalar\u0131m\u0131z\u0131n hepsi makinelerimizde a\u00e7\u0131lm\u0131\u015f ve standartt\u0131r.Ta\u015flar\u0131m\u0131z p\u0131rlanta parlakl\u0131\u011f\u0131nda signity ta\u015f kullan\u0131larak ve hepsi tek tek elde m\u0131hlanm\u0131\u015ft\u0131r.<\/span><\/p>\n<ul>\n<li><span style=\"font-family: Helvetica;\">\u00dcr\u00fcnlerimiz ezilme ve ta\u015f d\u00fc\u015fmesine kar\u015f\u0131 \u00f6m\u00fcr boyu garantilidir.<\/span><\/li>\n<li><span style=\"font-family: Helvetica;\">Ta\u015f adedi her boy i\u00e7in de\u011fi\u015fmektedir.<\/span><\/li>\n<li><span style=\"font-family: Helvetica;\">\u00dcr\u00fcnlerimiz taleplerinize g\u00f6re 9,10,14,18,21,22 ayar ve i\u00e7i dolu olarak \u00fcretilebilmektedir.<\/span><\/li>\n<li><span style=\"font-family: Helvetica;\">Foto\u011frafta belirtilen gramlar i\u00e7i bo\u015f ve 14 ayar alyans i\u00e7indir.<\/span><\/li>\n<li><span style=\"font-family: Helvetica;\">\u00dcr\u00fcn sat\u0131\u015flar\u0131m\u0131z toptand\u0131r.<\/span><\/li>\n<li><span style=\"font-family: Helvetica;\">\u00dcr\u00fcnlerimize istek \u00fczerine \u00fcr\u00fcnlerimize p\u0131rlanta m\u0131hlanmaktad\u0131r.<\/span><\/li>\n<\/ul>","protected":false},"featured_media":0,"comment_status":"open","ping_status":"closed","template":"","meta":[],"product_brand":[],"product_cat":[20],"product_tag":[],"class_list":{"0":"post-958","1":"product","2":"type-product","3":"status-publish","5":"product_cat-klasik-alyans","7":"first","8":"instock","9":"shipping-taxable","10":"product-type-simple"},"yoast_head":"<!-- This site is optimized with the Yoast SEO plugin v25.6 - https:\/\/yoast.com\/wordpress\/plugins\/seo\/ -->\n<title>3 MM Klasik Bombeli Beyaz Alyans - Belladoro<\/title>\n<meta name=\"robots\" content=\"index, follow, max-snippet:-1, max-image-preview:large, max-video-preview:-1\" \/>\n<link rel=\"canonical\" href=\"https:\/\/belladoro.com.tr\/en\/product\/3-mm-klasik-bombeli-beyaz-alyans\/\" \/>\n<meta property=\"og:locale\" content=\"en_US\" \/>\n<meta property=\"og:type\" content=\"article\" \/>\n<meta property=\"og:title\" content=\"3 MM Klasik Bombeli Beyaz Alyans - Belladoro\" \/>\n<meta property=\"og:description\" content=\"\u00dcr\u00fcn\u00fcm\u00fcz 3 mm geni\u015fli\u011finde ve y\u00fcksek kalite alloy ve g\u00fcm\u00fc\u015f katk\u0131s\u0131 ile orijinal beyaz renge ayarlanm\u0131\u015ft\u0131r.Kaynaks\u0131z boru teknolojisi ile i\u00e7i bo\u015f olarak \u00fcretilmi\u015ftir.B\u00fct\u00fcn i\u015flemler elmas kalemlerle ger\u00e7ekle\u015ftirildi\u011fi i\u00e7in kal\u0131c\u0131 parlakl\u0131\u011fa sahiptir.Ta\u015f yuvalar\u0131m\u0131z\u0131n hepsi makinelerimizde a\u00e7\u0131lm\u0131\u015f ve standartt\u0131r.Ta\u015flar\u0131m\u0131z p\u0131rlanta parlakl\u0131\u011f\u0131nda signity ta\u015f kullan\u0131larak ve hepsi tek tek elde m\u0131hlanm\u0131\u015ft\u0131r.   \u00dcr\u00fcnlerimiz ezilme ve ta\u015f d\u00fc\u015fmesine kar\u015f\u0131 \u00f6m\u00fcr boyu garantilidir.  Ta\u015f adedi her boy i\u00e7in de\u011fi\u015fmektedir.  \u00dcr\u00fcnlerimiz taleplerinize g\u00f6re 9,10,14,18,21,22 ayar ve i\u00e7i dolu olarak \u00fcretilebilmektedir.  Foto\u011frafta belirtilen gramlar i\u00e7i bo\u015f ve 14 ayar alyans i\u00e7indir.  \u00dcr\u00fcn sat\u0131\u015flar\u0131m\u0131z toptand\u0131r.  \u00dcr\u00fcnlerimize istek \u00fczerine \u00fcr\u00fcnlerimize p\u0131rlanta m\u0131hlanmaktad\u0131r.\" \/>\n<meta property=\"og:url\" content=\"https:\/\/belladoro.com.tr\/en\/product\/3-mm-klasik-bombeli-beyaz-alyans\/\" \/>\n<meta property=\"og:site_name\" content=\"Belladoro\" \/>\n<meta property=\"article:modified_time\" content=\"2025-07-18T12:21:04+00:00\" \/>\n<meta property=\"og:image\" content=\"https:\/\/belladoro.com.tr\/wp-content\/uploads\/2025\/07\/004003-900x900-1.jpg\" \/>\n\t<meta property=\"og:image:width\" content=\"900\" \/>\n\t<meta property=\"og:image:height\" content=\"900\" \/>\n\t<meta property=\"og:image:type\" content=\"image\/jpeg\" \/>\n<meta name=\"twitter:card\" content=\"summary_large_image\" \/>\n<meta name=\"twitter:label1\" content=\"Est. reading time\" \/>\n\t<meta name=\"twitter:data1\" content=\"1 minute\" \/>\n<script type=\"application\/ld+json\" class=\"yoast-schema-graph\">{\"@context\":\"https:\/\/schema.org\",\"@graph\":[{\"@type\":\"WebPage\",\"@id\":\"https:\/\/belladoro.com.tr\/urun\/3-mm-klasik-bombeli-beyaz-alyans\/\",\"url\":\"https:\/\/belladoro.com.tr\/urun\/3-mm-klasik-bombeli-beyaz-alyans\/\",\"name\":\"3 MM Klasik Bombeli Beyaz Alyans - Belladoro\",\"isPartOf\":{\"@id\":\"https:\/\/belladoro.com.tr\/#website\"},\"datePublished\":\"2025-07-18T07:19:57+00:00\",\"dateModified\":\"2025-07-18T12:21:04+00:00\",\"breadcrumb\":{\"@id\":\"https:\/\/belladoro.com.tr\/urun\/3-mm-klasik-bombeli-beyaz-alyans\/#breadcrumb\"},\"inLanguage\":\"en-US\",\"potentialAction\":[{\"@type\":\"ReadAction\",\"target\":[\"https:\/\/belladoro.com.tr\/urun\/3-mm-klasik-bombeli-beyaz-alyans\/\"]}]},{\"@type\":\"BreadcrumbList\",\"@id\":\"https:\/\/belladoro.com.tr\/urun\/3-mm-klasik-bombeli-beyaz-alyans\/#breadcrumb\",\"itemListElement\":[{\"@type\":\"ListItem\",\"position\":1,\"name\":\"Anasayfa\",\"item\":\"https:\/\/belladoro.com.tr\/\"},{\"@type\":\"ListItem\",\"position\":2,\"name\":\"Ma\u011faza\",\"item\":\"https:\/\/belladoro.com.tr\/magaza\/\"},{\"@type\":\"ListItem\",\"position\":3,\"name\":\"3 MM Klasik Bombeli Beyaz Alyans\"}]},{\"@type\":\"WebSite\",\"@id\":\"https:\/\/belladoro.com.tr\/#website\",\"url\":\"https:\/\/belladoro.com.tr\/\",\"name\":\"Belladoro\",\"description\":\"\",\"publisher\":{\"@id\":\"https:\/\/belladoro.com.tr\/#organization\"},\"potentialAction\":[{\"@type\":\"SearchAction\",\"target\":{\"@type\":\"EntryPoint\",\"urlTemplate\":\"https:\/\/belladoro.com.tr\/?s={search_term_string}\"},\"query-input\":{\"@type\":\"PropertyValueSpecification\",\"valueRequired\":true,\"valueName\":\"search_term_string\"}}],\"inLanguage\":\"en-US\"},{\"@type\":\"Organization\",\"@id\":\"https:\/\/belladoro.com.tr\/#organization\",\"name\":\"Belladoro\",\"url\":\"https:\/\/belladoro.com.tr\/\",\"logo\":{\"@type\":\"ImageObject\",\"inLanguage\":\"en-US\",\"@id\":\"https:\/\/belladoro.com.tr\/#\/schema\/logo\/image\/\",\"url\":\"https:\/\/belladoro.com.tr\/wp-content\/uploads\/2025\/05\/logo2.png\",\"contentUrl\":\"https:\/\/belladoro.com.tr\/wp-content\/uploads\/2025\/05\/logo2.png\",\"width\":1437,\"height\":783,\"caption\":\"Belladoro\"},\"image\":{\"@id\":\"https:\/\/belladoro.com.tr\/#\/schema\/logo\/image\/\"}}]}<\/script>\n<!-- \/ Yoast SEO plugin. -->","yoast_head_json":{"title":"3 MM Klasik Bombeli Beyaz Alyans - Belladoro","robots":{"index":"index","follow":"follow","max-snippet":"max-snippet:-1","max-image-preview":"max-image-preview:large","max-video-preview":"max-video-preview:-1"},"canonical":"https:\/\/belladoro.com.tr\/en\/product\/3-mm-klasik-bombeli-beyaz-alyans\/","og_locale":"en_US","og_type":"article","og_title":"3 MM Klasik Bombeli Beyaz Alyans - Belladoro","og_description":"\u00dcr\u00fcn\u00fcm\u00fcz 3 mm geni\u015fli\u011finde ve y\u00fcksek kalite alloy ve g\u00fcm\u00fc\u015f katk\u0131s\u0131 ile orijinal beyaz renge ayarlanm\u0131\u015ft\u0131r.Kaynaks\u0131z boru teknolojisi ile i\u00e7i bo\u015f olarak \u00fcretilmi\u015ftir.B\u00fct\u00fcn i\u015flemler elmas kalemlerle ger\u00e7ekle\u015ftirildi\u011fi i\u00e7in kal\u0131c\u0131 parlakl\u0131\u011fa sahiptir.Ta\u015f yuvalar\u0131m\u0131z\u0131n hepsi makinelerimizde a\u00e7\u0131lm\u0131\u015f ve standartt\u0131r.Ta\u015flar\u0131m\u0131z p\u0131rlanta parlakl\u0131\u011f\u0131nda signity ta\u015f kullan\u0131larak ve hepsi tek tek elde m\u0131hlanm\u0131\u015ft\u0131r.   \u00dcr\u00fcnlerimiz ezilme ve ta\u015f d\u00fc\u015fmesine kar\u015f\u0131 \u00f6m\u00fcr boyu garantilidir.  Ta\u015f adedi her boy i\u00e7in de\u011fi\u015fmektedir.  \u00dcr\u00fcnlerimiz taleplerinize g\u00f6re 9,10,14,18,21,22 ayar ve i\u00e7i dolu olarak \u00fcretilebilmektedir.  Foto\u011frafta belirtilen gramlar i\u00e7i bo\u015f ve 14 ayar alyans i\u00e7indir.  \u00dcr\u00fcn sat\u0131\u015flar\u0131m\u0131z toptand\u0131r.  \u00dcr\u00fcnlerimize istek \u00fczerine \u00fcr\u00fcnlerimize p\u0131rlanta m\u0131hlanmaktad\u0131r.","og_url":"https:\/\/belladoro.com.tr\/en\/product\/3-mm-klasik-bombeli-beyaz-alyans\/","og_site_name":"Belladoro","article_modified_time":"2025-07-18T12:21:04+00:00","og_image":[{"width":900,"height":900,"url":"https:\/\/belladoro.com.tr\/wp-content\/uploads\/2025\/07\/004003-900x900-1.jpg","type":"image\/jpeg"}],"twitter_card":"summary_large_image","twitter_misc":{"Est. reading time":"1 minute"},"schema":{"@context":"https:\/\/schema.org","@graph":[{"@type":"WebPage","@id":"https:\/\/belladoro.com.tr\/urun\/3-mm-klasik-bombeli-beyaz-alyans\/","url":"https:\/\/belladoro.com.tr\/urun\/3-mm-klasik-bombeli-beyaz-alyans\/","name":"3 MM Klasik Bombeli Beyaz Alyans - Belladoro","isPartOf":{"@id":"https:\/\/belladoro.com.tr\/#website"},"datePublished":"2025-07-18T07:19:57+00:00","dateModified":"2025-07-18T12:21:04+00:00","breadcrumb":{"@id":"https:\/\/belladoro.com.tr\/urun\/3-mm-klasik-bombeli-beyaz-alyans\/#breadcrumb"},"inLanguage":"en-US","potentialAction":[{"@type":"ReadAction","target":["https:\/\/belladoro.com.tr\/urun\/3-mm-klasik-bombeli-beyaz-alyans\/"]}]},{"@type":"BreadcrumbList","@id":"https:\/\/belladoro.com.tr\/urun\/3-mm-klasik-bombeli-beyaz-alyans\/#breadcrumb","itemListElement":[{"@type":"ListItem","position":1,"name":"Anasayfa","item":"https:\/\/belladoro.com.tr\/"},{"@type":"ListItem","position":2,"name":"Ma\u011faza","item":"https:\/\/belladoro.com.tr\/magaza\/"},{"@type":"ListItem","position":3,"name":"3 MM Klasik Bombeli Beyaz Alyans"}]},{"@type":"WebSite","@id":"https:\/\/belladoro.com.tr\/#website","url":"https:\/\/belladoro.com.tr\/","name":"Belladoro","description":"","publisher":{"@id":"https:\/\/belladoro.com.tr\/#organization"},"potentialAction":[{"@type":"SearchAction","target":{"@type":"EntryPoint","urlTemplate":"https:\/\/belladoro.com.tr\/?s={search_term_string}"},"query-input":{"@type":"PropertyValueSpecification","valueRequired":true,"valueName":"search_term_string"}}],"inLanguage":"en-US"},{"@type":"Organization","@id":"https:\/\/belladoro.com.tr\/#organization","name":"Belladoro","url":"https:\/\/belladoro.com.tr\/","logo":{"@type":"ImageObject","inLanguage":"en-US","@id":"https:\/\/belladoro.com.tr\/#\/schema\/logo\/image\/","url":"https:\/\/belladoro.com.tr\/wp-content\/uploads\/2025\/05\/logo2.png","contentUrl":"https:\/\/belladoro.com.tr\/wp-content\/uploads\/2025\/05\/logo2.png","width":1437,"height":783,"caption":"Belladoro"},"image":{"@id":"https:\/\/belladoro.com.tr\/#\/schema\/logo\/image\/"}}]}},"_links":{"self":[{"href":"https:\/\/belladoro.com.tr\/en\/wp-json\/wp\/v2\/product\/958","targetHints":{"allow":["GET"]}}],"collection":[{"href":"https:\/\/belladoro.com.tr\/en\/wp-json\/wp\/v2\/product"}],"about":[{"href":"https:\/\/belladoro.com.tr\/en\/wp-json\/wp\/v2\/types\/product"}],"replies":[{"embeddable":true,"href":"https:\/\/belladoro.com.tr\/en\/wp-json\/wp\/v2\/comments?post=958"}],"wp:attachment":[{"href":"https:\/\/belladoro.com.tr\/en\/wp-json\/wp\/v2\/media?parent=958"}],"wp:term":[{"taxonomy":"product_brand","embeddable":true,"href":"https:\/\/belladoro.com.tr\/en\/wp-json\/wp\/v2\/product_brand?post=958"},{"taxonomy":"product_cat","embeddable":true,"href":"https:\/\/belladoro.com.tr\/en\/wp-json\/wp\/v2\/product_cat?post=958"},{"taxonomy":"product_tag","embeddable":true,"href":"https:\/\/belladoro.com.tr\/en\/wp-json\/wp\/v2\/product_tag?post=958"}],"curies":[{"name":"wp","href":"https:\/\/api.w.org\/{rel}","templated":true}]}}